{"id":951,"date":"2020-05-01T14:47:00","date_gmt":"2020-05-01T14:47:00","guid":{"rendered":"https:\/\/www.t-alacarte.com\/experiences\/ustecky-kraj\/"},"modified":"2020-07-02T16:18:07","modified_gmt":"2020-07-02T16:18:07","slug":"ustecky-kraj","status":"publish","type":"page","link":"https:\/\/www.talacarte.com\/en\/experiences\/ustecky-kraj\/","title":{"rendered":"Usti nad Labem region"},"content":{"rendered":"<div class=\"wpb-content-wrapper\"><p>[vc_row css=&#8221;.vc_custom_1588344411518{margin-top: 50px !important;}&#8221;][vc_column][vc_column_text]<\/p>\n<h2 style=\"text-align: center;\">USTI NAD LABEM REGION<\/h2>\n<p>[\/vc_column_text][\/vc_column][\/vc_row][vc_row][vc_column][vc_column_text]The \u00dast\u00ed nad Labem region with the regional town of \u00dast\u00ed nad Labem is in northwestern Bohemia and borders Germany. It is divided into 7 districts: Louny, Chomutov, D\u011b\u010d\u00edn, Litom\u011b\u0159ice, \u00dast\u00ed nad Labem, Teplice and Most. As many people know, the region is prominent for its economy with a focus on heavy industry. There are several factories focused on coal mining and other related coal-fired power plants in Tu\u0161imice, Prun\u00e9\u0159ov or Po\u010derady. Ceramics in Teplice, ferrous metals in Chomutov or cement in \u010c\u00ed\u017ekovice are also produced.<\/p>\n<p><strong>AGRICULTURE, WINERY, &amp; BREWERIES<\/strong><\/p>\n<p>The region includes developed agriculture as well, especially extensive vineyards in the Litom\u011b\u0159ice region and in the vicinity of the town of Louny, such as the Johann W Winery, which offers not only wines for purchase but also tastings and tours of the vineyards. We must not forget the brewing and growing of hops, such as the Temple of Hops and Beer in \u017datec or smaller family breweries, such as the Zichovec Family Brewery. There are various sizes of breweries in the area, which can attract lovers of the Czech national drink.[\/vc_column_text][\/vc_column][\/vc_row][vc_row el_class=&#8221;blog-gallery&#8221;][vc_column][vc_media_grid grid_id=&#8221;vc_gid:1593705721521-853c1724-add6-8&#8243; include=&#8221;824,826,828&#8243;][\/vc_column][\/vc_row][vc_row][vc_column][vc_column_text]<strong>\u010cESK\u00c9 ST\u0158EDOHO\u0158\u00cd<\/strong><\/p>\n<p>Even though it may not seem like it at first glance, the region is also attractive for tourism. Visitors are mainly attracted by what nature has to offer. For example, a prominent feature of landscape in this region is the Protected Landscape Area (PLA) of \u010cesk\u00e9 St\u0159edoho\u0159\u00ed, where there are many peaks of volcanic origin. The modernly reconstructed Obl\u00edk farm, which is located below the peak of the same name, can thus become a refuge for you here. The farm is still functional, harboring with sheep, cows, and ponies. You can stay here in their luxury apartments and rent bikes to travel around the PLA.<\/p>\n<p><strong>BOHEMIAN SWITZEWRLAND NATIONAL PARK<\/strong><\/p>\n<p>Bohemian Switzerland National Park tops the region as the most beautiful place to visit because of its unique sandstone formations. The symbol of the park is the Prav\u010dick\u00e1 Gate, which becomes a destination for many visitors from the Czech Republic and abroad all year round. From the viewpoint of \u0160aun\u0161tejn, the remains of a rock castle from the 14th century, there is a beautiful view that makes this area worth the visit.<\/p>\n<p><strong>EATERIES<\/strong><\/p>\n<p>You don&#8217;t have to worry about not eating here during your visit. Interested in trying out phenomenal burgers from the KARLS grill bar in D\u011b\u010d\u00edn, or would you prefer a higher caliber of gastronomy at the Restaurant &amp; Cafe Republika in Chomutov? With a little hunger, visit Coffee &amp; Books in D\u011b\u010d\u00edn, where you can also read, or even Coffeeup in \u00dast\u00ed, where you will always find sweet and savory options for morning and afternoon snacks. If good coffee is what attracts you, you can visit the Zoban roastery with great service in Litom\u011b\u0159ice.[\/vc_column_text][\/vc_column][\/vc_row][vc_row el_class=&#8221;blog-gallery&#8221;][vc_column][vc_media_grid grid_id=&#8221;vc_gid:1593705721523-9628c4b4-0253-5&#8243; include=&#8221;830,832,834&#8243;][\/vc_column][\/vc_row]<\/p>\n<\/div>","protected":false},"excerpt":{"rendered":"<p>[vc_row css=&#8221;.vc_custom_1588344411518{margin-top: 50px !important;}&#8221;][vc_column][vc_column_text] USTI NAD LABEM REGION [\/vc_column_text][\/vc_column][\/vc_row][vc_row][vc_column][vc_column_text]The \u00dast\u00ed nad Labem region with the regional town of \u00dast\u00ed nad Labem is in northwestern Bohemia and borders Germany. It is divided into 7 districts: Louny, Chomutov, D\u011b\u010d\u00edn, Litom\u011b\u0159ice, \u00dast\u00ed nad Labem, Teplice and Most. As many people know, the region is prominent for its economy [&hellip;]<\/p>\n","protected":false},"author":1,"featured_media":0,"parent":873,"menu_order":0,"comment_status":"closed","ping_status":"closed","template":"page-special-offer-region.php","meta":{"_acf_changed":false,"footnotes":""},"class_list":["post-951","page","type-page","status-publish","hentry"],"acf":[],"_links":{"self":[{"href":"https:\/\/www.talacarte.com\/en\/wp-json\/wp\/v2\/pages\/951","targetHints":{"allow":["GET"]}}],"collection":[{"href":"https:\/\/www.talacarte.com\/en\/wp-json\/wp\/v2\/pages"}],"about":[{"href":"https:\/\/www.talacarte.com\/en\/wp-json\/wp\/v2\/types\/page"}],"author":[{"embeddable":true,"href":"https:\/\/www.talacarte.com\/en\/wp-json\/wp\/v2\/users\/1"}],"replies":[{"embeddable":true,"href":"https:\/\/www.talacarte.com\/en\/wp-json\/wp\/v2\/comments?post=951"}],"version-history":[{"count":3,"href":"https:\/\/www.talacarte.com\/en\/wp-json\/wp\/v2\/pages\/951\/revisions"}],"predecessor-version":[{"id":972,"href":"https:\/\/www.talacarte.com\/en\/wp-json\/wp\/v2\/pages\/951\/revisions\/972"}],"up":[{"embeddable":true,"href":"https:\/\/www.talacarte.com\/en\/wp-json\/wp\/v2\/pages\/873"}],"wp:attachment":[{"href":"https:\/\/www.talacarte.com\/en\/wp-json\/wp\/v2\/media?parent=951"}],"curies":[{"name":"wp","href":"https:\/\/api.w.org\/{rel}","templated":true}]}}