{"id":947,"date":"2020-05-01T14:47:48","date_gmt":"2020-05-01T14:47:48","guid":{"rendered":"https:\/\/www.t-alacarte.com\/experiences\/plzensky-kraj\/"},"modified":"2020-07-02T16:10:00","modified_gmt":"2020-07-02T16:10:00","slug":"plzensky-kraj","status":"publish","type":"page","link":"https:\/\/www.talacarte.com\/en\/experiences\/plzensky-kraj\/","title":{"rendered":"Pilsen region"},"content":{"rendered":"<div class=\"wpb-content-wrapper\"><p>[vc_row css=&#8221;.vc_custom_1588344460093{margin-top: 50px !important;}&#8221;][vc_column][vc_column_text]<\/p>\n<h2 style=\"text-align: center;\">PILSEN REGION<\/h2>\n<p>[\/vc_column_text][\/vc_column][\/vc_row][vc_row][vc_column][vc_column_text]The Pilsen Region is the third largest region in terms of area, but has the second lowest population density. There is a minimum of medium-sized cities. It is divided into 7 districts, with 3 of them being part of the regional city of Pilsen.<\/p>\n<p><strong>BREWERIES<\/strong><\/p>\n<p>For years, this region remains famous mainly for the production of Bohemia Sekt in Star\u00fd Plzenec and the Pilsen brewery Prazdroj, which is the largest beer producer in the Czech Republic and also the largest exporter abroad. Whether you are a beer lover or not, a visit to the<\/p>\n<p>brewery museum and a tour of the brewery is highly recommended by our travel guides all across the board.<\/p>\n<p><strong>CASTLES &amp; CHATEAUX<\/strong><\/p>\n<p>If you prefer exploring castles and chateaux, there are hundreds of them in the region! One way to start is by visiting the gothic water castle \u0160vihov, or perhaps the beautiful castle Zbiroh, where you can even arrange for lodging accommodations. If you prefer to use a little bit of your own imagination, then visit the ruins of Rab\u00ed Castle, where you can imagine what it once looked like hundreds of years ago. Other famous historical monuments that can become the destination of your trip are the Kladruby Monastery and Plasy Monastery.[\/vc_column_text][\/vc_column][\/vc_row][vc_row el_class=&#8221;blog-gallery&#8221;][vc_column][vc_media_grid grid_id=&#8221;vc_gid:1593705615200-2982bde7-2448-0&#8243; include=&#8221;808,810,812&#8243;][\/vc_column][\/vc_row][vc_row][vc_column][vc_column_text]<strong>NATURE<\/strong><\/p>\n<p>For nature lovers, there are plenty spots for hiking, fresh air, and breathtaking scenery from the many local peaks. The \u0160umava National Park extends into the region, which is the largest of all four national parks in the Czech Republic with an area of over 68,000 ha. In addition to peat bogs and forests, there are also glacial lakes in the area. The two most beautiful and iridescent lakes are the Devil&#8217;s Lake in the shape of a semicircle and the Black Lake, which is not only the largest lake in \u0160umava, but also in the whole country. Then, you may visit the \u0160lovice Litter, where wild horses live, and the nature trail through the Podkov\u00e1k peat bog or to the flooded quarry Okrouhl\u00e1k next to Hradi\u0161\u0165sk\u00fd hill.<\/p>\n<p><strong>EATERIES &amp; ENTERTAINMENT<\/strong><\/p>\n<p>When you get hungry after all that sightseeing, you can enjoy pizza at the Da Pizzeriaro or Czech classics in Srdcovka Corso right in the center of Pilsen \u2013 a short walk from Republic Square. While you are there, you must not miss a visit to the Paper Mill in Pilsen! This factory has transformed its premises into a modern caf\u00e9 and club, where exhibitions are also held occasionally. If you already feel that you have seen everything in Pilsen, then why not look at it from another angle \u2013 from the basket of a balloon![\/vc_column_text][\/vc_column][\/vc_row][vc_row el_class=&#8221;blog-gallery&#8221;][vc_column][vc_media_grid grid_id=&#8221;vc_gid:1593705615247-701cf252-542b-9&#8243; include=&#8221;814,816,818&#8243;][\/vc_column][\/vc_row]<\/p>\n<\/div>","protected":false},"excerpt":{"rendered":"<p>[vc_row css=&#8221;.vc_custom_1588344460093{margin-top: 50px !important;}&#8221;][vc_column][vc_column_text] PILSEN REGION [\/vc_column_text][\/vc_column][\/vc_row][vc_row][vc_column][vc_column_text]The Pilsen Region is the third largest region in terms of area, but has the second lowest population density. There is a minimum of medium-sized cities. It is divided into 7 districts, with 3 of them being part of the regional city of Pilsen. BREWERIES For years, this region [&hellip;]<\/p>\n","protected":false},"author":1,"featured_media":0,"parent":873,"menu_order":0,"comment_status":"closed","ping_status":"closed","template":"page-special-offer-region.php","meta":{"_acf_changed":false,"footnotes":""},"class_list":["post-947","page","type-page","status-publish","hentry"],"acf":[],"_links":{"self":[{"href":"https:\/\/www.talacarte.com\/en\/wp-json\/wp\/v2\/pages\/947","targetHints":{"allow":["GET"]}}],"collection":[{"href":"https:\/\/www.talacarte.com\/en\/wp-json\/wp\/v2\/pages"}],"about":[{"href":"https:\/\/www.talacarte.com\/en\/wp-json\/wp\/v2\/types\/page"}],"author":[{"embeddable":true,"href":"https:\/\/www.talacarte.com\/en\/wp-json\/wp\/v2\/users\/1"}],"replies":[{"embeddable":true,"href":"https:\/\/www.talacarte.com\/en\/wp-json\/wp\/v2\/comments?post=947"}],"version-history":[{"count":3,"href":"https:\/\/www.talacarte.com\/en\/wp-json\/wp\/v2\/pages\/947\/revisions"}],"predecessor-version":[{"id":966,"href":"https:\/\/www.talacarte.com\/en\/wp-json\/wp\/v2\/pages\/947\/revisions\/966"}],"up":[{"embeddable":true,"href":"https:\/\/www.talacarte.com\/en\/wp-json\/wp\/v2\/pages\/873"}],"wp:attachment":[{"href":"https:\/\/www.talacarte.com\/en\/wp-json\/wp\/v2\/media?parent=947"}],"curies":[{"name":"wp","href":"https:\/\/api.w.org\/{rel}","templated":true}]}}