{"id":945,"date":"2020-05-01T14:51:35","date_gmt":"2020-05-01T14:51:35","guid":{"rendered":"https:\/\/www.t-alacarte.com\/experiences\/pardubicky-kraj\/"},"modified":"2020-07-02T16:08:28","modified_gmt":"2020-07-02T16:08:28","slug":"pardubicky-kraj","status":"publish","type":"page","link":"https:\/\/www.talacarte.com\/en\/experiences\/pardubicky-kraj\/","title":{"rendered":"Pradubice region"},"content":{"rendered":"<div class=\"wpb-content-wrapper\"><p>[vc_row css=&#8221;.vc_custom_1590049796913{margin-top: 50px !important;}&#8221;][vc_column][vc_column_text]<\/p>\n<h2 style=\"text-align: center;\">PARDUBICE REGION<\/h2>\n<p>[\/vc_column_text][\/vc_column][\/vc_row][vc_row][vc_column][vc_column_text]The Pardubice region has four districts: Pardubice, Chrudim, Svitavy and \u00dast\u00ed nad Orlic\u00ed. It is mainly known for its sports \u2013 ice hockey and racing. Every year, many races take place in Pardubice and they attract visitors from all over the world. Pardubice lies at the confluence of the Elbe and Chrudimka. Kr\u00e1lick\u00fd Sn\u011b\u017en\u00edk, a national nature reserve where the Morava River springs, is worth a visit and a nice hike. There are also many castles such as Litomy\u0161l, Pardubice<\/p>\n<p>and Slati\u0148any. If not those, you may want to visit Pot\u0161tejn Castle or Kun\u011btick\u00e1 Mountain. You will also find here the Protected Landscape Areas: PLA Orlick\u00e9 hory, \u017delezn\u00e9 hory and Zdar nad S\u00e1zavou, to name a few.<\/p>\n<p><strong>GINGERBREAD COTTAGE<\/strong><\/p>\n<p>Pardubice is famously recognized for its gingerbread production. If you are traveling with children (but certainly not only for children!), be sure to stop at the Gingerbread Cottage, where you will find a gingerbread museum. There, children may learn and ponder about the unusual interpretation of the gingerbread house fairytale, whereas adults may learn more about the production of gingerbread. In the kingdom of gingerbread, they also offer accommodation located just a short walk from the museum at the foot of Kun\u011btick\u00e1 Mountain.[\/vc_column_text][\/vc_column][\/vc_row][vc_row el_class=&#8221;blog-gallery&#8221;][vc_column][vc_media_grid grid_id=&#8221;vc_gid:1593705632766-c7dd61e8-522b-3&#8243; include=&#8221;794,796,798&#8243;][\/vc_column][\/vc_row][vc_row][vc_column][vc_column_text]<strong>\u010cERTOVINA: HELL<\/strong><\/p>\n<p>In the village of \u010certovina lies the underground realm of Hell, a unique span of space unparalleled anywhere else in the world. The exceptional structure reaches a depth of 12 meters below the ground, where there are hundreds of meters of footpaths and caves, and then eight meters to reach the heavens. Here, travelers may receive a tour, or you can even sleep in Hell, directly in Lucifer&#8217;s lair, or wander around to the local wine bar.<\/p>\n<p><strong>NOTABLE VISITS<\/strong><\/p>\n<p>Other lodging accommodations include the Slune\u010dn\u00fd Dv\u016fr Farm or Kloko\u010dov Castle.<\/p>\n<p>You can also go to the Pardubice region for a specialized culinary experience. We highly recommend going to Zb\u011bhl\u00edk for lunch, for example, where food is prepared only from the local fresh ingredients. Another highly recommended eatery is the restaurant Sezemick\u00fd D\u016fm, which is just 5 minutes from Pardubice and is known for its classic cuisine and atmosphere. Another great restaurant, which boasts for their fresh ingredients received strictly from the locals \u2013 as they themselves acquire materials only from &#8220;friends, friends of friends, and local suppliers,&#8221; is Bistro na Proseku.<\/p>\n<p>Thus, for fun, sports, classic culinary experiences, or for a kid-friendly trip, we definitely recommend a segue trip to Pardubice.[\/vc_column_text][\/vc_column][\/vc_row][vc_row el_class=&#8221;blog-gallery&#8221;][vc_column][vc_media_grid grid_id=&#8221;vc_gid:1593705632768-f46999cb-d9f1-10&#8243; include=&#8221;800,803,805&#8243;][\/vc_column][\/vc_row]<\/p>\n<\/div>","protected":false},"excerpt":{"rendered":"<p>[vc_row css=&#8221;.vc_custom_1590049796913{margin-top: 50px !important;}&#8221;][vc_column][vc_column_text] PARDUBICE REGION [\/vc_column_text][\/vc_column][\/vc_row][vc_row][vc_column][vc_column_text]The Pardubice region has four districts: Pardubice, Chrudim, Svitavy and \u00dast\u00ed nad Orlic\u00ed. It is mainly known for its sports \u2013 ice hockey and racing. Every year, many races take place in Pardubice and they attract visitors from all over the world. Pardubice lies at the confluence of the [&hellip;]<\/p>\n","protected":false},"author":1,"featured_media":0,"parent":873,"menu_order":0,"comment_status":"closed","ping_status":"closed","template":"page-special-offer-region.php","meta":{"_acf_changed":false,"footnotes":""},"class_list":["post-945","page","type-page","status-publish","hentry"],"acf":[],"_links":{"self":[{"href":"https:\/\/www.talacarte.com\/en\/wp-json\/wp\/v2\/pages\/945","targetHints":{"allow":["GET"]}}],"collection":[{"href":"https:\/\/www.talacarte.com\/en\/wp-json\/wp\/v2\/pages"}],"about":[{"href":"https:\/\/www.talacarte.com\/en\/wp-json\/wp\/v2\/types\/page"}],"author":[{"embeddable":true,"href":"https:\/\/www.talacarte.com\/en\/wp-json\/wp\/v2\/users\/1"}],"replies":[{"embeddable":true,"href":"https:\/\/www.talacarte.com\/en\/wp-json\/wp\/v2\/comments?post=945"}],"version-history":[{"count":3,"href":"https:\/\/www.talacarte.com\/en\/wp-json\/wp\/v2\/pages\/945\/revisions"}],"predecessor-version":[{"id":964,"href":"https:\/\/www.talacarte.com\/en\/wp-json\/wp\/v2\/pages\/945\/revisions\/964"}],"up":[{"embeddable":true,"href":"https:\/\/www.talacarte.com\/en\/wp-json\/wp\/v2\/pages\/873"}],"wp:attachment":[{"href":"https:\/\/www.talacarte.com\/en\/wp-json\/wp\/v2\/media?parent=945"}],"curies":[{"name":"wp","href":"https:\/\/api.w.org\/{rel}","templated":true}]}}