{"id":943,"date":"2020-05-01T14:55:02","date_gmt":"2020-05-01T14:55:02","guid":{"rendered":"https:\/\/www.t-alacarte.com\/experiences\/olomoucky-kraj\/"},"modified":"2020-07-02T15:56:04","modified_gmt":"2020-07-02T15:56:04","slug":"olomoucky-kraj","status":"publish","type":"page","link":"https:\/\/www.talacarte.com\/en\/experiences\/olomoucky-kraj\/","title":{"rendered":"Olomouck\u00fd kraj"},"content":{"rendered":"<div class=\"wpb-content-wrapper\"><p>[vc_row css=&#8221;.vc_custom_1588344893405{margin-top: 50px !important;}&#8221;][vc_column][vc_column_text]<\/p>\n<h2 style=\"text-align: center;\">Olomouck\u00fd kraj<\/h2>\n<p>[\/vc_column_text][\/vc_column][\/vc_row][vc_row][vc_column][vc_column_text]Olomouck\u00fd kraj \u2013 Nav\u0161tivte St\u0159edn\u00ed Moravu a ur\u010dit\u011b nebudete ni\u010deho litovat. Kraj Olomouck\u00fdch syre\u010dk\u016f m\u00e1 rozhodn\u011b co nab\u00eddnout a tvar\u016f\u017ekem bychom mohli i rovnou za\u010d\u00edt. <a href=\"http:\/\/www.tvaruzkovacukrarna.cz\/\">TVAR\u016e\u017dKOV\u00c1 CUKR\u00c1RNA LO\u0160TICE<\/a> v\u00e1m nab\u00eddne jedine\u010dn\u00fd kulin\u00e1\u0159sk\u00fd z\u00e1\u017eitek, kter\u00fd ale opravdu jen z\u00a0t\u011b\u017e\u00ed za\u017eijete n\u011bkde jinde. Dokonal\u00e1 chu\u0165 a v\u016fn\u011b je naprosto jedine\u010dn\u00e1 a mimo jin\u00e9\u2026dok\u00e1\u017eete si v\u016fbec p\u0159edstavit ten kontrast \u201eTVAR\u016e\u017dKOV\u00c1 CUKR\u00c1RNA\u201c? Kdo nezkus\u00ed, neza\u017eije!<\/p>\n<p>Historick\u00e9 centrum m\u011bsta Olomouc je samo o sob\u011b l\u00e1kadlem. Monument Sloup Nejsv\u011bt\u011bj\u0161\u00ed Trojice na seznamu pam\u00e1tek UNESCO, Bazilika Nav\u0161t\u00edven\u00ed Panny Marie na Svat\u00e9m Kope\u010dku, Radnice s\u00a0orlojem, Svat\u00fd Kope\u010dek, pat\u0159\u00ed k\u00a0t\u011bm nejzaj\u00edmav\u011bj\u0161\u00edm, co zde m\u016f\u017eete vid\u011bt. Za z\u00e1bavou mus\u00edte rozhodn\u011b zaj\u00edt do <a href=\"https:\/\/www.zoo-olomouc.cz\/\">ZOO Olomouc<\/a>. O v\u00e1no\u010dn\u00edch sv\u00e1tc\u00edch za\u017eijete specialitu v\u00a0podob\u011b no\u010dn\u00ed prohl\u00eddky. Dominantn\u00ed 32metrovou vyhl\u00eddkovou v\u011b\u017e, z\u00a0kter\u00e9 lze sledovat jak zv\u00ed\u0159ata, tak panorama Olomouce a jeho okol\u00ed.[\/vc_column_text][\/vc_column][\/vc_row][vc_row el_class=&#8221;blog-gallery&#8221;][vc_column][vc_media_grid grid_id=&#8221;vc_gid:1591523006497-d0e00478-af0f-2&#8243; include=&#8221;780,782,784&#8243;][\/vc_column][\/vc_row][vc_row][vc_column][vc_column_text]Jesen\u00edky \u2013 skv\u011bl\u00e1 p\u0159\u00edle\u017eitost pro milovn\u00edky adrenalinu, \u010dist\u00e9 p\u0159\u00edrody, kola\u0159e, nebo jen ti, kte\u0159\u00ed r\u00e1di odpo\u010d\u00edvaj\u00ed ve v\u00edru v\u00ed\u0159ivek a nech\u00e1vaj\u00ed se h\u00fd\u010dkat rukama zku\u0161en\u00fdch mas\u00e9r\u016f. <a href=\"http:\/\/www.adrenalin-park.cz\/\">Adrenalinov\u00fd park<\/a>, za\u017eijte v\u00fdlet na k\u00e1noi, ob\u0159\u00ed lanovku a mnoho dal\u0161\u00edch aktivit. Naprosto unik\u00e1tn\u00ed mo\u017enost, jak tr\u00e1vit voln\u00fd \u010das je Horsk\u00fd resort <a href=\"https:\/\/www.dolnimorava.cz\/\">Doln\u00ed Morava<\/a>, nebo jeden z\u00a0<a href=\"http:\/\/www.aeroklub-sumperk.cz\/content\/view\/311\/132\/\">vyhl\u00eddkov\u00fdch let\u016f<\/a> nad kr\u00e1snou p\u0159\u00edrodou Jesen\u00edk\u016f.<\/p>\n<p>Kulturn\u00ed a ekologick\u00e9 fenom\u00e9ny, archeologick\u00e9 a historick\u00e9 pam\u00e1tky <a href=\"https:\/\/www.geoparkjeseniky.cz\/geoturistika\">Geopark<\/a>.[\/vc_column_text][\/vc_column][\/vc_row][vc_row el_class=&#8221;blog-gallery&#8221;][vc_column][vc_media_grid grid_id=&#8221;vc_gid:1591523018690-522102e7-4294-7&#8243; include=&#8221;787,789,791&#8243;][\/vc_column][\/vc_row]<\/p>\n<\/div>","protected":false},"excerpt":{"rendered":"<p>[vc_row css=&#8221;.vc_custom_1588344893405{margin-top: 50px !important;}&#8221;][vc_column][vc_column_text] Olomouck\u00fd kraj [\/vc_column_text][\/vc_column][\/vc_row][vc_row][vc_column][vc_column_text]Olomouck\u00fd kraj \u2013 Nav\u0161tivte St\u0159edn\u00ed Moravu a ur\u010dit\u011b nebudete ni\u010deho litovat. Kraj Olomouck\u00fdch syre\u010dk\u016f m\u00e1 rozhodn\u011b co nab\u00eddnout a tvar\u016f\u017ekem bychom mohli i rovnou za\u010d\u00edt. TVAR\u016e\u017dKOV\u00c1 CUKR\u00c1RNA LO\u0160TICE v\u00e1m nab\u00eddne jedine\u010dn\u00fd kulin\u00e1\u0159sk\u00fd z\u00e1\u017eitek, kter\u00fd ale opravdu jen z\u00a0t\u011b\u017e\u00ed za\u017eijete n\u011bkde jinde. Dokonal\u00e1 chu\u0165 a v\u016fn\u011b je naprosto jedine\u010dn\u00e1 a [&hellip;]<\/p>\n","protected":false},"author":1,"featured_media":0,"parent":873,"menu_order":0,"comment_status":"closed","ping_status":"closed","template":"page-special-offer-region.php","meta":{"_acf_changed":false,"footnotes":""},"class_list":["post-943","page","type-page","status-publish","hentry"],"acf":[],"_links":{"self":[{"href":"https:\/\/www.talacarte.com\/en\/wp-json\/wp\/v2\/pages\/943","targetHints":{"allow":["GET"]}}],"collection":[{"href":"https:\/\/www.talacarte.com\/en\/wp-json\/wp\/v2\/pages"}],"about":[{"href":"https:\/\/www.talacarte.com\/en\/wp-json\/wp\/v2\/types\/page"}],"author":[{"embeddable":true,"href":"https:\/\/www.talacarte.com\/en\/wp-json\/wp\/v2\/users\/1"}],"replies":[{"embeddable":true,"href":"https:\/\/www.talacarte.com\/en\/wp-json\/wp\/v2\/comments?post=943"}],"version-history":[{"count":1,"href":"https:\/\/www.talacarte.com\/en\/wp-json\/wp\/v2\/pages\/943\/revisions"}],"predecessor-version":[{"id":944,"href":"https:\/\/www.talacarte.com\/en\/wp-json\/wp\/v2\/pages\/943\/revisions\/944"}],"up":[{"embeddable":true,"href":"https:\/\/www.talacarte.com\/en\/wp-json\/wp\/v2\/pages\/873"}],"wp:attachment":[{"href":"https:\/\/www.talacarte.com\/en\/wp-json\/wp\/v2\/media?parent=943"}],"curies":[{"name":"wp","href":"https:\/\/api.w.org\/{rel}","templated":true}]}}