{"id":937,"date":"2020-05-01T14:50:50","date_gmt":"2020-05-01T14:50:50","guid":{"rendered":"https:\/\/www.t-alacarte.com\/experiences\/kralovehradecky-kraj\/"},"modified":"2020-07-02T15:55:31","modified_gmt":"2020-07-02T15:55:31","slug":"kralovehradecky-kraj","status":"publish","type":"page","link":"https:\/\/www.talacarte.com\/en\/experiences\/kralovehradecky-kraj\/","title":{"rendered":"Kr\u00e1lov\u00e9hradeck\u00fd kraj"},"content":{"rendered":"<div class=\"wpb-content-wrapper\"><p>[vc_row css=&#8221;.vc_custom_1588344642203{margin-top: 50px !important;}&#8221;][vc_column][vc_column_text]<\/p>\n<h2 style=\"text-align: center;\">Kr\u00e1lov\u00e9hradeck\u00fd kraj<\/h2>\n<p>[\/vc_column_text][\/vc_column][\/vc_row][vc_row][vc_column][vc_column_text]Nejzn\u00e1m\u011bj\u0161\u00ed dom\u00e9nou Kr\u00e1lovohradeck\u00e9ho kraje bude ur\u010dit\u011b <a href=\"https:\/\/safaripark.cz\/cz\/\">Safari park Dv\u016fr Kr\u00e1lov\u00e9<\/a>. S\u00a0nejv\u011bt\u0161\u00edm chovem africk\u00fdch zv\u00ed\u0159at v\u00a0Evrop\u011b pat\u0159\u00ed mezi nejkr\u00e1sn\u011bj\u0161\u00ed Evropsk\u00e9 ZOO v\u016fbec. Chcete se st\u00e1t <a href=\"#\/terms\">o\u0161et\u0159ovatelem zv\u00ed\u0159at<\/a>, <a href=\"#\/terms\">sl\u00e1dkem v\u00a0Safari pivovaru<\/a>, nebo se chcete jen prost proj\u00edt po Safari a pod\u00edvat se tak t\u0159eba <a href=\"#\/terms\">do z\u00e1kulis\u00ed<\/a>\u2026to v\u0161e se pro v\u00e1s m\u016f\u017ee st\u00e1t realitou.<\/p>\n<p>Tento kraj poskytuje nes\u010detnou \u0161k\u00e1lu mo\u017enost\u00ed, proto poj\u010fme se tady zam\u011b\u0159it jen na n\u011bkter\u00e9 z\u00a0nich, kter\u00e9 ur\u010dit\u011b stoj\u00ed za to vid\u011bt. <a href=\"https:\/\/adrspach.cz\/\">Adr\u0161pa\u0161sk\u00e9 skaln\u00ed m\u011bsto <\/a>pat\u0159\u00ed mezi nejvyhled\u00e1van\u011bj\u0161\u00ed p\u0159\u00edrodn\u00ed jev u n\u00e1s a d\u00edky tomu, \u017ee je to mimo jin\u00e9 domov mnoha ohro\u017een\u00fdch zv\u00ed\u0159at, pat\u0159\u00ed do CHKO Broumovsko.<\/p>\n<p>Zaj\u00edmaj\u00ed v\u00e1s pam\u00e1tky? <a href=\"https:\/\/www.hospital-kuks.cz\/cs\">Hospit\u00e1l Kus<\/a>. Unik\u00e1tn\u00ed n\u00e1rodn\u00ed pam\u00e1tka ze 17. stolet\u00ed. Prohl\u00eddka v\u00e1s zavede do historie baroka, uvid\u00edte tvorbu \u010desk\u00e9ho socha\u0159e Maty\u00e1\u0161e Bernarda Brauna a v\u00a0neposledn\u00ed \u0159ad\u011b nav\u0161t\u00edv\u00edte \u010cesk\u00e9 farmaceutick\u00e9 muzeum.[\/vc_column_text][\/vc_column][\/vc_row][vc_row el_class=&#8221;blog-gallery&#8221;][vc_column][vc_media_grid grid_id=&#8221;vc_gid:1591522679804-6661a35d-1350-8&#8243; include=&#8221;741,743,745&#8243;][\/vc_column][\/vc_row][vc_row][vc_column][vc_column_text]Za p\u0159\u00edrodou vyraz\u00edte do Krkono\u0161 a to t\u0159eba na <a href=\"https:\/\/www.stezkakrkonose.cz\/\">Stezku korunami strom\u016f<\/a>. Neopakovateln\u00fd z\u00e1\u017eitek\u2026doslova se projdete od ko\u0159en\u016f do korun strom\u016f, kde na v\u00e1s bude \u010dekat velkolep\u00fd pohled na okoln\u00ed kr\u00e1su Krkono\u0161.<\/p>\n<p>Dominantou Krkono\u0161 je bezesporu <a href=\"http:\/\/www.horasnezka.cz\/\">Sn\u011b\u017eka<\/a>, se sv\u00fdmi 1603metry nejvy\u0161\u0161\u00ed hora \u010cR. Dal\u0161\u00ed turisticky obl\u00edben\u00e9 lokality jako je \u0160pindler\u016fv ml\u00fdn, Lu\u010dn\u00ed bouda, Jansk\u00e9 L\u00e1zn\u011b, Ob\u0159\u00ed d\u016fl, Rozhledna Hn\u011bd\u00fd vrch to v\u0161e jsou zaj\u00edmav\u00e9 tipy na v\u00fdlety v\u00a0okol\u00ed Sn\u011b\u017eky a Krkono\u0161.<\/p>\n<p>\u010cesk\u00fd r\u00e1j je z\u00a0dal\u0161\u00edch dominant tohoto kraje. <a href=\"https:\/\/prachovskeskaly.com\/cs\/turistika\">Prachovsk\u00e9 sk\u00e1ly<\/a> disponuje t\u0159emi turistick\u00fdmi okruhy a jeden z\u00a0nich je dokonce ur\u010den pro ko\u010d\u00e1rky, co\u017e m\u016f\u017eou n\u011bkte\u0159\u00ed velmi ocenit. Naleznete zde spoustu tip\u016f na v\u00fdlety, za pam\u00e1tkami, muzea a galerie\u2026prost\u011b chu\u0165 v\u0161eho druhu.[\/vc_column_text][\/vc_column][\/vc_row][vc_row el_class=&#8221;blog-gallery&#8221;][vc_column][vc_media_grid grid_id=&#8221;vc_gid:1591522696585-7cc1404d-d002-2&#8243; include=&#8221;747,749,751&#8243;][\/vc_column][\/vc_row]<\/p>\n<\/div>","protected":false},"excerpt":{"rendered":"<p>[vc_row css=&#8221;.vc_custom_1588344642203{margin-top: 50px !important;}&#8221;][vc_column][vc_column_text] Kr\u00e1lov\u00e9hradeck\u00fd kraj [\/vc_column_text][\/vc_column][\/vc_row][vc_row][vc_column][vc_column_text]Nejzn\u00e1m\u011bj\u0161\u00ed dom\u00e9nou Kr\u00e1lovohradeck\u00e9ho kraje bude ur\u010dit\u011b Safari park Dv\u016fr Kr\u00e1lov\u00e9. S\u00a0nejv\u011bt\u0161\u00edm chovem africk\u00fdch zv\u00ed\u0159at v\u00a0Evrop\u011b pat\u0159\u00ed mezi nejkr\u00e1sn\u011bj\u0161\u00ed Evropsk\u00e9 ZOO v\u016fbec. Chcete se st\u00e1t o\u0161et\u0159ovatelem zv\u00ed\u0159at, sl\u00e1dkem v\u00a0Safari pivovaru, nebo se chcete jen prost proj\u00edt po Safari a pod\u00edvat se tak t\u0159eba do z\u00e1kulis\u00ed\u2026to v\u0161e se pro v\u00e1s m\u016f\u017ee [&hellip;]<\/p>\n","protected":false},"author":1,"featured_media":0,"parent":873,"menu_order":0,"comment_status":"closed","ping_status":"closed","template":"page-special-offer-region.php","meta":{"_acf_changed":false,"footnotes":""},"class_list":["post-937","page","type-page","status-publish","hentry"],"acf":[],"_links":{"self":[{"href":"https:\/\/www.talacarte.com\/en\/wp-json\/wp\/v2\/pages\/937","targetHints":{"allow":["GET"]}}],"collection":[{"href":"https:\/\/www.talacarte.com\/en\/wp-json\/wp\/v2\/pages"}],"about":[{"href":"https:\/\/www.talacarte.com\/en\/wp-json\/wp\/v2\/types\/page"}],"author":[{"embeddable":true,"href":"https:\/\/www.talacarte.com\/en\/wp-json\/wp\/v2\/users\/1"}],"replies":[{"embeddable":true,"href":"https:\/\/www.talacarte.com\/en\/wp-json\/wp\/v2\/comments?post=937"}],"version-history":[{"count":1,"href":"https:\/\/www.talacarte.com\/en\/wp-json\/wp\/v2\/pages\/937\/revisions"}],"predecessor-version":[{"id":938,"href":"https:\/\/www.talacarte.com\/en\/wp-json\/wp\/v2\/pages\/937\/revisions\/938"}],"up":[{"embeddable":true,"href":"https:\/\/www.talacarte.com\/en\/wp-json\/wp\/v2\/pages\/873"}],"wp:attachment":[{"href":"https:\/\/www.talacarte.com\/en\/wp-json\/wp\/v2\/media?parent=937"}],"curies":[{"name":"wp","href":"https:\/\/api.w.org\/{rel}","templated":true}]}}