{"id":935,"date":"2020-05-01T14:52:06","date_gmt":"2020-05-01T14:52:06","guid":{"rendered":"https:\/\/www.t-alacarte.com\/experiences\/kraj-vysocina\/"},"modified":"2020-07-02T16:02:19","modified_gmt":"2020-07-02T16:02:19","slug":"kraj-vysocina","status":"publish","type":"page","link":"https:\/\/www.talacarte.com\/en\/experiences\/kraj-vysocina\/","title":{"rendered":"Vysocina region"},"content":{"rendered":"<div class=\"wpb-content-wrapper\"><p>[vc_row css=&#8221;.vc_custom_1590049743948{margin-top: 50px !important;}&#8221;][vc_column][vc_column_text]<\/p>\n<h2 style=\"text-align: center;\">VYSOCINA REGION<\/h2>\n<p>[\/vc_column_text][\/vc_column][\/vc_row][vc_row][vc_column][vc_column_text]The Vyso\u010dina region lies on the borders of Bohemia and Moravia. The most famous cities here are Tel\u010d, T\u0159eb\u00ed\u010d and Jihlava. Vyso\u010dina is known for its glassmaking activities, but you can find picturesque educational paths here as well. K\u0159eme\u0161n\u00edk is a well-known legendary pilgrimage site with sights in the forests from one of the highest peaks in the Bohemian-Moravian Highlands. The Milovsk\u00e1 nature trail near K\u0159i\u017e\u00e1nky tells the story of the landscape under the Four Sticks, where you can observe the remains of love glassworks built in 1835. Discover the folk architecture of the Vyso\u010dina region along the Metodka u V\u011bcova nature trail in the \u017d\u010f\u00e1r region.[\/vc_column_text][\/vc_column][\/vc_row][vc_row el_class=&#8221;blog-gallery&#8221;][vc_column][vc_media_grid grid_id=&#8221;vc_gid:1593705499080-30a71d0b-b862-10&#8243; include=&#8221;727,729,731&#8243;][\/vc_column][\/vc_row][vc_row][vc_column][vc_column_text]<strong>USOB\u00cd CHATEAU<\/strong><\/p>\n<p>Stay at the Usob\u00ed chateau, and in the afternoon or evening you can relax in the chateau \u0160enk or the courtyard, where you can enjoy coffee, Chot\u011bbo\u0159 beer, an excellent selection of wines from the Zapletal winery, or another drink of your choice. During the day you can enjoy numerous activities in the area or go on a trip along the tourist signs directly from the castle. If your group includes children, you can also spend the day relaxing in the castle park, where the children will have fun on the playground (entry at your own risk!). The playground features a trampoline, a large slide, a sandpit, a slackline, and a rope swing.<\/p>\n<p><strong>HOSTA\u010cOV CHATEAU<\/strong><\/p>\n<p>Another place to stay is at the Hosta\u010dov Chateau, where the food is top-notch, customer service and staff are excellent, and you can engage in activities such as tennis or a disco golf course in the chateau, which is one of the largest in Europe. They also have an outdoor pool, and you can leave your children in the games room or in the castle\u2019s home cinema. From here you can go anywhere in the nearby countryside for a jog or a walk.<\/p>\n<p><strong>SV\u011aTL\u00c1 CHATEAU<\/strong><\/p>\n<p>Last but not least, there is the Sv\u011btl\u00e1 Chateau, which offers many activities for children, such as mainly the only escape room for children in the Czech Republic. The castle also offers many packages for day trips in the area beyond the accommodation.[\/vc_column_text][\/vc_column][\/vc_row][vc_row el_class=&#8221;blog-gallery&#8221;][vc_column][vc_media_grid grid_id=&#8221;vc_gid:1593705499084-0e469f07-6b6a-10&#8243; include=&#8221;733,735,737&#8243;][\/vc_column][\/vc_row]<\/p>\n<\/div>","protected":false},"excerpt":{"rendered":"<p>[vc_row css=&#8221;.vc_custom_1590049743948{margin-top: 50px !important;}&#8221;][vc_column][vc_column_text] VYSOCINA REGION [\/vc_column_text][\/vc_column][\/vc_row][vc_row][vc_column][vc_column_text]The Vyso\u010dina region lies on the borders of Bohemia and Moravia. The most famous cities here are Tel\u010d, T\u0159eb\u00ed\u010d and Jihlava. Vyso\u010dina is known for its glassmaking activities, but you can find picturesque educational paths here as well. K\u0159eme\u0161n\u00edk is a well-known legendary pilgrimage site with sights in the [&hellip;]<\/p>\n","protected":false},"author":1,"featured_media":0,"parent":873,"menu_order":0,"comment_status":"closed","ping_status":"closed","template":"page-special-offer-region.php","meta":{"_acf_changed":false,"footnotes":""},"class_list":["post-935","page","type-page","status-publish","hentry"],"acf":[],"_links":{"self":[{"href":"https:\/\/www.talacarte.com\/en\/wp-json\/wp\/v2\/pages\/935","targetHints":{"allow":["GET"]}}],"collection":[{"href":"https:\/\/www.talacarte.com\/en\/wp-json\/wp\/v2\/pages"}],"about":[{"href":"https:\/\/www.talacarte.com\/en\/wp-json\/wp\/v2\/types\/page"}],"author":[{"embeddable":true,"href":"https:\/\/www.talacarte.com\/en\/wp-json\/wp\/v2\/users\/1"}],"replies":[{"embeddable":true,"href":"https:\/\/www.talacarte.com\/en\/wp-json\/wp\/v2\/comments?post=935"}],"version-history":[{"count":3,"href":"https:\/\/www.talacarte.com\/en\/wp-json\/wp\/v2\/pages\/935\/revisions"}],"predecessor-version":[{"id":958,"href":"https:\/\/www.talacarte.com\/en\/wp-json\/wp\/v2\/pages\/935\/revisions\/958"}],"up":[{"embeddable":true,"href":"https:\/\/www.talacarte.com\/en\/wp-json\/wp\/v2\/pages\/873"}],"wp:attachment":[{"href":"https:\/\/www.talacarte.com\/en\/wp-json\/wp\/v2\/media?parent=935"}],"curies":[{"name":"wp","href":"https:\/\/api.w.org\/{rel}","templated":true}]}}