{"id":931,"date":"2020-05-01T14:53:37","date_gmt":"2020-05-01T14:53:37","guid":{"rendered":"https:\/\/www.t-alacarte.com\/experiences\/jihomoravsky-kraj\/"},"modified":"2020-07-02T15:55:20","modified_gmt":"2020-07-02T15:55:20","slug":"jihomoravsky-kraj","status":"publish","type":"page","link":"https:\/\/www.talacarte.com\/en\/experiences\/jihomoravsky-kraj\/","title":{"rendered":"Jihomoravsk\u00fd kraj"},"content":{"rendered":"<div class=\"wpb-content-wrapper\"><p>[vc_row css=&#8221;.vc_custom_1590131851628{margin-top: 50px !important;}&#8221;][vc_column][vc_column_text]<\/p>\n<h2 style=\"text-align: center;\">Jihomoravsk\u00fd kraj<\/h2>\n<p>[\/vc_column_text][\/vc_column][\/vc_row][vc_row][vc_column][vc_column_text]Jihomoravsk\u00fd kraj \u2013 druh\u00e9 nejv\u011bt\u0161\u00ed m\u011bsto v\u00a0\u010cR asi nen\u00ed t\u0159eba n\u011bjak obzvl\u00e1\u0161\u0165 p\u0159edstavovat. Ka\u017ed\u00fd aspo\u0148 jednou sly\u0161el \u010di n\u011bkde vid\u011bl \u201eBrno\u201c. Co u\u017e ka\u017ed\u00fd nemus\u00ed v\u011bd\u011bt je, co v\u0161e zaj\u00edmav\u00e9ho toto m\u011bsto m\u016f\u017ee n\u00e1v\u0161t\u011bvn\u00edk\u016fm nab\u00eddnout.<\/p>\n<p>Architektura \u2013 Vila <a href=\"https:\/\/www.tugendhat.eu\/\">Tugendhat<\/a>, asi nejzn\u00e1m\u011bj\u0161\u00ed vila jak po str\u00e1nce funkcionalistick\u00e9 architektury, tak i historick\u00e9. Vzpome\u0148me si t\u0159eba na vyjedn\u00e1v\u00e1n\u00ed pozd\u011bj\u0161\u00edch premi\u00e9r\u016f \u010cR a SR o rozd\u011blen\u00ed \u010ceskoslovenska. Zaps\u00e1no do sv\u011btov\u00e9ho d\u011bdictv\u00ed UNESCO. Kdo chce poc\u00edtit v\u00fdjime\u010dn\u00fd pohled na panorama m\u011bsta Brna, mus\u00ed p\u0159ij\u00edt a za\u017e\u00edt.<\/p>\n<p>Takzvan\u00e9 Brn\u011bnsk\u00e9 vilov\u00e9 kvarteto dopl\u0148uj\u00ed <a href=\"https:\/\/www.vila-stiassni.cz\/cs\">Vila Stiassni<\/a>, <a href=\"https:\/\/www.vilalowbeer.cz\/cz\/\">Vila L\u00f6w-Beer<\/a> a <a href=\"http:\/\/www.moravska-galerie.cz\/jurkovicova-vila\">Jurkovi\u010dova vila<\/a><\/p>\n<p>Ani \u010dlov\u011bk tou\u017e\u00edc\u00ed po jin\u00e9m druhu kultury nebude v\u00a0Brn\u011b o nic ochuzen. Divadla, ve kter\u00fdch vyr\u016fstalo spoustu \u010desk\u00fdch hereck\u00fdch legend jako nap\u0159\u00edklad Husa na prov\u00e1zku nebo Divadlo Bolka Pol\u00edvky v\u00a0Brn\u011b. <a href=\"https:\/\/www.jizni-morava.cz\/nocni-zivot\">Bary, pivnice a restaurace<\/a>. Nes\u010detn\u00fd v\u00fdb\u011br, kam m\u016f\u017eete zaj\u00edt.[\/vc_column_text][\/vc_column][\/vc_row][vc_row el_class=&#8221;blog-gallery&#8221;][vc_column][vc_media_grid grid_id=&#8221;vc_gid:1591522358546-91af704b-9dbc-8&#8243; include=&#8221;700,703,705&#8243;][\/vc_column][\/vc_row][vc_row][vc_column][vc_column_text]<a href=\"https:\/\/www.brnenskaprehrada.cz\/\">Brn\u011bnsk\u00e1 p\u0159ehrada<\/a> \u2013 voln\u011b p\u0159\u00edstupn\u00e1, obl\u00edben\u00e1 lokalita pro odpo\u010dinek i z\u00e1bavu. Pravideln\u00e1 lodn\u00ed doprava, 30kilometrov\u00e1 cyklotrasa, <a href=\"https:\/\/www.jizni-morava.cz\/objekt\/35195-statni-hrad-veveri\">Hrad Veve\u0159\u00ed<\/a>.<\/p>\n<p>Cirka hodinu na sever od Brna se nach\u00e1z\u00ed Hotel Sladovna v\u00a0bl\u00edzkosti nejstar\u0161\u00edho \u010desk\u00e9ho pivovaru \u010cern\u00e1 Hora. Nab\u00edz\u00edme zde n\u011bkolik zaj\u00edmav\u00fdch <a href=\"https:\/\/www.t-alacarte.com\/zazitky\/jihomoravsky-kraj\/\">relaxa\u010dn\u00edch bal\u00ed\u010dk\u016f<\/a> s\u00a0mo\u017enost\u00ed v\u00fdlet\u016f do okol\u00ed \u2013 z\u00e1mky <a href=\"https:\/\/www.zamek-lysice.cz\/cs\">Lysice<\/a>,<a href=\"http:\/\/www.zamekboskovice.cz\/\"> Boskovice<\/a>, <a href=\"https:\/\/moravsky-kras.caves.cz\/cz\">Moravsk\u00fd kras \u2013 jeskyn\u011b<\/a>, cyklostezky.<\/p>\n<p>Samoz\u0159ejm\u011b, \u017ee Ji\u017en\u00ed Morava nen\u00ed jen Brno, ale p\u0159edev\u0161\u00edm vina\u0159sk\u00e9 oblasti, kter\u00e9 jsou zn\u00e1me po cel\u00e9 zemi a asi jedna z\u00a0nejzn\u00e1m\u011bj\u0161\u00edch je Valticko. Kdo by cht\u011bl se sv\u00fdmi p\u0159\u00e1teli nav\u0161t\u00edvit stylov\u00e9 vina\u0159stv\u00ed <a href=\"https:\/\/www.t-alacarte.com\/zazitek\/degustace-vina-na-jizni-morave\/5e9fe77ef2001f361c0b97cf\/\">Obelisk<\/a> a ochutnat vynikaj\u00edc\u00ed b\u00edl\u00e9 v\u00edna, spojit gastronomii se z\u00e1\u017eitkem. R\u00e1di za\u0159\u00edd\u00edme <a href=\"https:\/\/www.t-alacarte.com\/zazitek\/degustace-vina-na-jizni-morave\/5e9fe77ef2001f361c0b97cf\/\">skupinovou degustaci<\/a> s\u00a0ubytov\u00e1n\u00edm a ve\u0161ker\u00fdm servisem.<\/p>\n<p>Chcete se <a href=\"https:\/\/www.t-alacarte.com\/zazitky\/jihomoravsky-kraj\/\">prolet\u011bt bal\u00f3nem<\/a> a za\u017e\u00edt n\u011bco neoby\u010dejn\u00e9ho? Vid\u011bt kr\u00e1sy P\u00e1lavy nebo Brna z\u00a0v\u00fd\u0161ky? Koupit si \u201en\u011bco\u201c co V\u00e1m u\u017e nikdo nikdy nevezme a z\u016fstane to s\u00a0V\u00e1mi napo\u0159\u00e1d? Op\u011bt r\u00e1di <a href=\"https:\/\/www.t-alacarte.com\/zazitky\/jihomoravsky-kraj\/\">za\u0159\u00edd\u00edme<\/a>, pop\u0159\u00edpad\u011b skombinujeme s\u00a0vina\u0159sk\u00fdm v\u00fdletem. V\u0161e dle Va\u0161eho p\u0159\u00e1n\u00ed.[\/vc_column_text][\/vc_column][\/vc_row][vc_row el_class=&#8221;blog-gallery&#8221;][vc_column][vc_media_grid grid_id=&#8221;vc_gid:1591522374633-4f41467f-4ee2-4&#8243; include=&#8221;707,709,711&#8243;][\/vc_column][\/vc_row]<\/p>\n<\/div>","protected":false},"excerpt":{"rendered":"<p>[vc_row css=&#8221;.vc_custom_1590131851628{margin-top: 50px !important;}&#8221;][vc_column][vc_column_text] Jihomoravsk\u00fd kraj [\/vc_column_text][\/vc_column][\/vc_row][vc_row][vc_column][vc_column_text]Jihomoravsk\u00fd kraj \u2013 druh\u00e9 nejv\u011bt\u0161\u00ed m\u011bsto v\u00a0\u010cR asi nen\u00ed t\u0159eba n\u011bjak obzvl\u00e1\u0161\u0165 p\u0159edstavovat. Ka\u017ed\u00fd aspo\u0148 jednou sly\u0161el \u010di n\u011bkde vid\u011bl \u201eBrno\u201c. Co u\u017e ka\u017ed\u00fd nemus\u00ed v\u011bd\u011bt je, co v\u0161e zaj\u00edmav\u00e9ho toto m\u011bsto m\u016f\u017ee n\u00e1v\u0161t\u011bvn\u00edk\u016fm nab\u00eddnout. Architektura \u2013 Vila Tugendhat, asi nejzn\u00e1m\u011bj\u0161\u00ed vila jak po str\u00e1nce funkcionalistick\u00e9 architektury, tak i [&hellip;]<\/p>\n","protected":false},"author":1,"featured_media":0,"parent":873,"menu_order":0,"comment_status":"closed","ping_status":"closed","template":"page-special-offer-region.php","meta":{"_acf_changed":false,"footnotes":""},"class_list":["post-931","page","type-page","status-publish","hentry"],"acf":[],"_links":{"self":[{"href":"https:\/\/www.talacarte.com\/en\/wp-json\/wp\/v2\/pages\/931","targetHints":{"allow":["GET"]}}],"collection":[{"href":"https:\/\/www.talacarte.com\/en\/wp-json\/wp\/v2\/pages"}],"about":[{"href":"https:\/\/www.talacarte.com\/en\/wp-json\/wp\/v2\/types\/page"}],"author":[{"embeddable":true,"href":"https:\/\/www.talacarte.com\/en\/wp-json\/wp\/v2\/users\/1"}],"replies":[{"embeddable":true,"href":"https:\/\/www.talacarte.com\/en\/wp-json\/wp\/v2\/comments?post=931"}],"version-history":[{"count":1,"href":"https:\/\/www.talacarte.com\/en\/wp-json\/wp\/v2\/pages\/931\/revisions"}],"predecessor-version":[{"id":932,"href":"https:\/\/www.talacarte.com\/en\/wp-json\/wp\/v2\/pages\/931\/revisions\/932"}],"up":[{"embeddable":true,"href":"https:\/\/www.talacarte.com\/en\/wp-json\/wp\/v2\/pages\/873"}],"wp:attachment":[{"href":"https:\/\/www.talacarte.com\/en\/wp-json\/wp\/v2\/media?parent=931"}],"curies":[{"name":"wp","href":"https:\/\/api.w.org\/{rel}","templated":true}]}}