{"id":929,"date":"2020-05-01T11:01:27","date_gmt":"2020-05-01T11:01:27","guid":{"rendered":"https:\/\/www.t-alacarte.com\/experiences\/hlavni-mesto-praha\/"},"modified":"2020-07-02T16:14:19","modified_gmt":"2020-07-02T16:14:19","slug":"hlavni-mesto-praha","status":"publish","type":"page","link":"https:\/\/www.talacarte.com\/en\/experiences\/hlavni-mesto-praha\/","title":{"rendered":"Prague"},"content":{"rendered":"<div class=\"wpb-content-wrapper\"><p>[vc_row css=&#8221;.vc_custom_1588344322289{margin-top: 50px !important;}&#8221;][vc_column][vc_column_text]<\/p>\n<h2 style=\"text-align: center;\">PRAGUE<\/h2>\n<p>[\/vc_column_text][\/vc_column][\/vc_row][vc_row][vc_column][vc_column_text]At the heart of Czech Republic lies the hundred-towered Prague, mysterious and full of history. Whether you are from Prague or elsewhere, this historic city always retains its mystique and renders it a must-visit area while journeying through the country. Especially at this present moment, without an influx of tourists from all over the world, this is the ideal time to visit Prague or, even if you are a native of Prague, explore your city. When else will you see Prague&#8217;s streets again without the herds of photographing tourists from Japan, the groups of Chinese folks whose guides carry an umbrella over their heads, or perhaps without loud German groups saying goodbye to their freedom?<\/p>\n<p>In Prague, everyone can do their own unique exploration and there will always be some corner of the city that you have yet to discover! If you are looking for a culinary experience, great bars, or are longing for tapping into the richness of its history, you will certainly enjoy yourself in Prague. Follow in the footsteps of famous personalities who walked through Prague, such as Ticho de Brahe, Amadeus Mozart or Franz Kafka.<\/p>\n<p><strong>Get inspired by this sample itinerary for an extended weekend in Prague:<\/strong>[\/vc_column_text][\/vc_column][\/vc_row][vc_row el_class=&#8221;blog-gallery&#8221;][vc_column][vc_media_grid grid_id=&#8221;vc_gid:1593705487759-fa5953bf-8c5b-4&#8243; include=&#8221;654,656,658&#8243;][\/vc_column][\/vc_row][vc_row][vc_column][vc_column_text]<\/p>\n<h4 align=\"JUSTIFY\">DAY 1<\/h4>\n<ul>\n<li>0800 Breakfast cafe Savoy (better booking) and their famous eggs in a glass or almond croissant<\/li>\n<li>0930 Walk around the Kampa area<\/li>\n<li>1015 Find the John Lennon Wall (great for Instagram!)<\/li>\n<li>1045 Take a walk to the castle and view the Petrin Lookout Tower<\/li>\n<li>1130 Enjoy lunch in the kitchen and snag a beer with a view<\/li>\n<li>1230 Check out the Old Masters exhibition next to the place for lunch<\/li>\n<li>1300 Go to the castle<\/li>\n<li>1330 Find the Golden Alley<\/li>\n<li>1400 Enjoy a drink or coffee at Aria\u2019s Terrace<\/li>\n<li>1445 Stroll through Wallenstein Gardens<\/li>\n<li>1530 Return to Mala Strana<\/li>\n<li>1600 Walk across the Charles Bridge<\/li>\n<li>1630 Stop for a drink in the Hemingway Bar (cash only)<\/li>\n<li>1700 Dinner at the Public Chili (trendy) or enjoy local in Dlouh\u00e1 street (Czech gastropub) or Bellevue (luxury restaurant)<\/li>\n<li>1900 After dinner, enjoy cocktails at Tretters Bar<\/li>\n<li>2030 Then go to the new Moon Club, which has absolutely great interiors<\/li>\n<li>2100 Check out Harleys (rock music); you can also go steaming at James Dean, Steampunk or any bar in Dlouh\u00e1 Street without making a mistake<\/li>\n<li>0000 If you are hungry after a night of rampage, reach for a burrito in Burrito Loco<\/li>\n<\/ul>\n<p>[\/vc_column_text][\/vc_column][\/vc_row][vc_row el_class=&#8221;blog-gallery&#8221;][vc_column][vc_media_grid grid_id=&#8221;vc_gid:1593705487766-c09f8a32-72f4-6&#8243; include=&#8221;660,662,664&#8243;][\/vc_column][\/vc_row][vc_row][vc_column][vc_column_text]<\/p>\n<h4 align=\"JUSTIFY\">DAY 2<\/h4>\n<ul>\n<li>1000 Breakfast La bottega line<\/li>\n<li>1100 Take the DOX Contemporary Art Exhibition<\/li>\n<li>1200 Lunch at The Eatery, where they cook from local ingredients<\/li>\n<li>1300 Grab your coffee at an alternative place called Vnitroblock<\/li>\n<li>1330 Go back to the center and walk through the Old Town Square and you will see and look at the Astronomical Clock (the oldest of its kind)<\/li>\n<li>1430 Take a look at the luxury shops in Pa\u0159\u00ed\u017esk\u00e1 Street and have fun with nearby experiences<\/li>\n<li>1700 Go to \u017di\u017ekov for dinner and get the El Camino table<\/li>\n<li>1900 Enjoy margaritas at Las Adelitas<\/li>\n<li>2000 Visit the bar Bukowski and later go to the basil gin Vlkovka 26 (cash only) or to Vinohrady Bar pilots, where they have a special drink every day<\/li>\n<\/ul>\n<p>If you feel adventurous for an alternative party, take an Uber to Ankali (usually techno, but check out the events)[\/vc_column_text][\/vc_column][\/vc_row][vc_row el_class=&#8221;blog-gallery&#8221;][vc_column][vc_media_grid grid_id=&#8221;vc_gid:1593705487773-42c28a2e-eca7-9&#8243; include=&#8221;666,668,670&#8243;][\/vc_column][\/vc_row][vc_row][vc_column][vc_column_text]<\/p>\n<h4 align=\"JUSTIFY\">DAY 3<\/h4>\n<ul>\n<li>1000 Breakfast Muj Mysak<\/li>\n<li>1100 Walk along N\u00e1rodn\u00ed Street towards the National Theater, turn left next to the river and look at the Frank Ghery Dance House, where we also offer accommodation<\/li>\n<li>1145 Take a walk along N\u00e1plavka (on the river bank) and discover the largest openable round windows in the world or have a drink on the boat<\/li>\n<li>1200 Then go to Vy\u0161ehrad and walk around<\/li>\n<li>1230 Take Uber for lunch at Wine Food Market or Kantyna or Cafe imperial next door<\/li>\n<li>1400 Walk to Wenceslas Square and find the National Museum (see the exhibition)<\/li>\n<li>1700 For dinner Aromi (Italian), Asian temple or V Z\u00e1ti\u0161\u00ed (kind of fantasy) in Prague there is also a Buddha bar, if this is your place<\/li>\n<li>1900 Have a drink in the Anonymous bar (make a reservation), where you can choose a drink by card and not from the menu<\/li>\n<\/ul>\n<p>If you do not want to spend the whole weekend in Prague, stay at St. Havel Castle. During the day you can go fishing and other activities, and in the evening head out into the city center.[\/vc_column_text][\/vc_column][\/vc_row]<\/p>\n<\/div>","protected":false},"excerpt":{"rendered":"<p>[vc_row css=&#8221;.vc_custom_1588344322289{margin-top: 50px !important;}&#8221;][vc_column][vc_column_text] PRAGUE [\/vc_column_text][\/vc_column][\/vc_row][vc_row][vc_column][vc_column_text]At the heart of Czech Republic lies the hundred-towered Prague, mysterious and full of history. Whether you are from Prague or elsewhere, this historic city always retains its mystique and renders it a must-visit area while journeying through the country. Especially at this present moment, without an influx of tourists [&hellip;]<\/p>\n","protected":false},"author":1,"featured_media":0,"parent":873,"menu_order":0,"comment_status":"closed","ping_status":"closed","template":"page-special-offer-region.php","meta":{"_acf_changed":false,"footnotes":""},"class_list":["post-929","page","type-page","status-publish","hentry"],"acf":[],"_links":{"self":[{"href":"https:\/\/www.talacarte.com\/en\/wp-json\/wp\/v2\/pages\/929","targetHints":{"allow":["GET"]}}],"collection":[{"href":"https:\/\/www.talacarte.com\/en\/wp-json\/wp\/v2\/pages"}],"about":[{"href":"https:\/\/www.talacarte.com\/en\/wp-json\/wp\/v2\/types\/page"}],"author":[{"embeddable":true,"href":"https:\/\/www.talacarte.com\/en\/wp-json\/wp\/v2\/users\/1"}],"replies":[{"embeddable":true,"href":"https:\/\/www.talacarte.com\/en\/wp-json\/wp\/v2\/comments?post=929"}],"version-history":[{"count":3,"href":"https:\/\/www.talacarte.com\/en\/wp-json\/wp\/v2\/pages\/929\/revisions"}],"predecessor-version":[{"id":968,"href":"https:\/\/www.talacarte.com\/en\/wp-json\/wp\/v2\/pages\/929\/revisions\/968"}],"up":[{"embeddable":true,"href":"https:\/\/www.talacarte.com\/en\/wp-json\/wp\/v2\/pages\/873"}],"wp:attachment":[{"href":"https:\/\/www.talacarte.com\/en\/wp-json\/wp\/v2\/media?parent=929"}],"curies":[{"name":"wp","href":"https:\/\/api.w.org\/{rel}","templated":true}]}}