{"id":923,"date":"2020-05-01T14:49:20","date_gmt":"2020-05-01T14:49:20","guid":{"rendered":"https:\/\/www.t-alacarte.com\/experiences\/jihocesky-kraj\/"},"modified":"2020-07-02T15:53:25","modified_gmt":"2020-07-02T15:53:25","slug":"jihocesky-kraj","status":"publish","type":"page","link":"https:\/\/www.talacarte.com\/en\/experiences\/jihocesky-kraj\/","title":{"rendered":"South Bohemian region"},"content":{"rendered":"<div class=\"wpb-content-wrapper\"><p>[vc_row css=&#8221;.vc_custom_1588344552061{margin-top: 50px !important;}&#8221;][vc_column][vc_column_text]<\/p>\n<h2 style=\"text-align: center;\">SOUTH BOHEMIAN REGION<\/h2>\n<p>[\/vc_column_text][\/vc_column][\/vc_row][vc_row][vc_column][vc_column_text]A popular tourist destination, the South Bohemian Region ranks as the fourth most visited place after Prague, the South Moravian Region, and the Hradec Kralove Region. Within the South Bohemian Region, travelers may chance upon the mystifying national park Trebonsko, where lie several ponds and hiking paths.<\/p>\n<p>For the most beautiful sights and places to visit within the region, we recommend the following:<\/p>\n<p><strong>TABOR<\/strong><\/p>\n<p>Visit the town of Tabor, where the picturesqueness of the small streets meets the rawness of the looming walls, reminiscent of the Hussite era. In Tabor, you can sleep in the Nautilus hotel, and cook or enjoy lunch with a glass of Thir wine. Consider visiting \u017di\u017ekov Square, the Hussite Museum, or the Jan \u017di\u017eka Memorial.<\/p>\n<p><strong>\u010cESK\u00dd KRUMLOV<\/strong><\/p>\n<p>\u010cesk\u00fd Krumlov is one of the most popular cities for both Czech and foreign tourists. The whole center, including the castle and chateau, is an UNESCO World Heritage Site. The interiors of the castle and chateau are highly worth a visit, as is the chateau garden. There, you will find the world-famous Revolving Auditorium which uses the surrounding space in its productions. Surely everyone knows the fairytale \u201cThe Emperor&#8217;s Baker,\u201d where Rudolf II appears alongside his mistress Kate\u0159ina Stradov\u00e1. Derived from the actual lives of the couple from this fairytale, the two birthed a son who was shackled and imprisoned until his very death right here at the castle making it an interesting historical timepiece for those that visit. Krumlov is also a popular place for paddlers who travel through the city on their several-day trip; folks can even rent a boat or raft for the day, or if preferred, enjoy the luxury of golf at the golf club \u010cesk\u00fd Krumlov.[\/vc_column_text][\/vc_column][\/vc_row][vc_row el_class=&#8221;blog-gallery&#8221;][vc_column][vc_media_grid grid_id=&#8221;vc_gid:1593704899217-cb7f4289-37e0-0&#8243; include=&#8221;687,689,691&#8243;][\/vc_column][\/vc_row][vc_row][vc_column][vc_column_text]<strong>\u0160ATLAVA<\/strong><\/p>\n<p>Following the day\u2019s chosen festivities, you may choose to dine in the cellar restaurant \u0160atlava, where chefs prepare gourmet foods at the table in an exciting open fire, or perhaps in the Krumlov mill, where you can sit in the garden overlooking the castle and the river flowing underfoot. In Krumlovsk\u00fd ml\u00fdn, guests may retire in a subset of beautiful apartments. If you are an avid coffee consumer, visit the modern Kolektiv Caf\u00e9 on main street or the Kafemlejnek caf\u00e9-wine bar with a view of the wooden bridge over yonder.<\/p>\n<p><strong>LIPNO NAD VLTAVOU<\/strong><\/p>\n<p>Lipno nad Vltavou: where in the warmer months guests may participate in and enjoy their choice of water activities, golf, for example, and sleep in the apartments Jbx Lipno or at the Albatros Hotel.<\/p>\n<p><strong>\u010cESK\u00c9 BUD\u011aJOVICE &amp; YELLOW SUBMARINE<\/strong><\/p>\n<p>For top-tier quality steak, make your way to \u010cesk\u00e9 Bud\u011bjovice JB STEAKHOUSE or the Yellow Submarine &#8211; Poetic Cocktail Bar &amp; Restaurant.[\/vc_column_text][\/vc_column][\/vc_row][vc_row el_class=&#8221;blog-gallery&#8221;][vc_column][vc_media_grid grid_id=&#8221;vc_gid:1593704899218-382fc056-725e-5&#8243; include=&#8221;693,695,697&#8243;][\/vc_column][\/vc_row][vc_row][vc_column][vc_column_text]<strong>HLUBOK\u00c1 CHATEAU<\/strong><\/p>\n<p>On your journey throughout Czech, make sure to mark Hlubok\u00e1 Chateau as another stop on your list! Here, travelers may garner an experience far greater and impressive than what is captured in any pictures. In the summer months, various activities take place in the Hlubok\u00e9 Park, such as archery. In between activities, be sure to enjoy a meal at the Hubert Hlubok\u00e1 as well.<\/p>\n<p><strong>CZECH CANADA<\/strong><\/p>\n<p>Located on the border of South Bohemia and South Moravia and between the towns of Slavonice, Nov\u00e1 Byst\u0159ice and Kun\u017eak, Czech Canada is particularly ideal for nature trips, cycling, hiking, or cross-country skiing in the winter months. Another top travel destination is the Land\u0161tejn Castle, the picturesque town of Mat\u011bjovec, where you can rent your own cottage (via e-cottages) and enjoy the Czech summer to the fullest. Don&#8217;t forget to visit the breathtaking renaissance town of Slavonice, where they have movie nights and screenings in the bright, warm summer. For breakfast, lunch, dinner, or just a casual drink, visit Bes\u00eddka Slavonice and you will not be disappointed![\/vc_column_text][\/vc_column][\/vc_row]<\/p>\n<\/div>","protected":false},"excerpt":{"rendered":"<p>[vc_row css=&#8221;.vc_custom_1588344552061{margin-top: 50px !important;}&#8221;][vc_column][vc_column_text] SOUTH BOHEMIAN REGION [\/vc_column_text][\/vc_column][\/vc_row][vc_row][vc_column][vc_column_text]A popular tourist destination, the South Bohemian Region ranks as the fourth most visited place after Prague, the South Moravian Region, and the Hradec Kralove Region. Within the South Bohemian Region, travelers may chance upon the mystifying national park Trebonsko, where lie several ponds and hiking paths. For [&hellip;]<\/p>\n","protected":false},"author":1,"featured_media":0,"parent":873,"menu_order":0,"comment_status":"closed","ping_status":"closed","template":"page-special-offer-region.php","meta":{"_acf_changed":false,"footnotes":""},"class_list":["post-923","page","type-page","status-publish","hentry"],"acf":[],"_links":{"self":[{"href":"https:\/\/www.talacarte.com\/en\/wp-json\/wp\/v2\/pages\/923","targetHints":{"allow":["GET"]}}],"collection":[{"href":"https:\/\/www.talacarte.com\/en\/wp-json\/wp\/v2\/pages"}],"about":[{"href":"https:\/\/www.talacarte.com\/en\/wp-json\/wp\/v2\/types\/page"}],"author":[{"embeddable":true,"href":"https:\/\/www.talacarte.com\/en\/wp-json\/wp\/v2\/users\/1"}],"replies":[{"embeddable":true,"href":"https:\/\/www.talacarte.com\/en\/wp-json\/wp\/v2\/comments?post=923"}],"version-history":[{"count":5,"href":"https:\/\/www.talacarte.com\/en\/wp-json\/wp\/v2\/pages\/923\/revisions"}],"predecessor-version":[{"id":928,"href":"https:\/\/www.talacarte.com\/en\/wp-json\/wp\/v2\/pages\/923\/revisions\/928"}],"up":[{"embeddable":true,"href":"https:\/\/www.talacarte.com\/en\/wp-json\/wp\/v2\/pages\/873"}],"wp:attachment":[{"href":"https:\/\/www.talacarte.com\/en\/wp-json\/wp\/v2\/media?parent=923"}],"curies":[{"name":"wp","href":"https:\/\/api.w.org\/{rel}","templated":true}]}}